{"id":351,"date":"2022-05-14T15:59:11","date_gmt":"2022-05-14T12:59:11","guid":{"rendered":"https:\/\/wir-kaufen-dein-auto-schweiz.ch\/?page_id=351"},"modified":"2026-01-29T20:43:08","modified_gmt":"2026-01-29T17:43:08","slug":"contact","status":"publish","type":"page","link":"https:\/\/wir-kaufen-dein-auto-schweiz.ch\/fr\/contact\/","title":{"rendered":"Contact"},"content":{"rendered":"<div data-elementor-type=\"wp-page\" data-elementor-id=\"351\" class=\"elementor elementor-351\">\n\t\t\t\t<div class=\"elementor-element elementor-element-92ad24a e-con-full e-flex e-con e-parent\" data-id=\"92ad24a\" data-element_type=\"container\" data-settings=\"{&quot;background_background&quot;:&quot;classic&quot;}\">\n\t\t\t\t<div class=\"elementor-element elementor-element-d5685da elementor-widget elementor-widget-heading\" data-id=\"d5685da\" data-element_type=\"widget\" data-widget_type=\"heading.default\">\n\t\t\t\t<div class=\"elementor-widget-container\">\n\t\t\t\t\t<h1 class=\"elementor-heading-title elementor-size-default\">Contactez-nous...<\/h1>\t\t\t\t<\/div>\n\t\t\t\t<\/div>\n\t\t\t\t<div class=\"elementor-element elementor-element-9340a83 elementor-widget elementor-widget-spacer\" data-id=\"9340a83\" data-element_type=\"widget\" data-widget_type=\"spacer.default\">\n\t\t\t\t<div class=\"elementor-widget-container\">\n\t\t\t\t\t\t\t<div class=\"elementor-spacer\">\n\t\t\t<div class=\"elementor-spacer-inner\"><\/div>\n\t\t<\/div>\n\t\t\t\t\t\t<\/div>\n\t\t\t\t<\/div>\n\t\t\t\t<div class=\"elementor-element elementor-element-0dcb71a elementor-widget elementor-widget-heading\" data-id=\"0dcb71a\" data-element_type=\"widget\" data-widget_type=\"heading.default\">\n\t\t\t\t<div class=\"elementor-widget-container\">\n\t\t\t\t\t<h2 class=\"elementor-heading-title elementor-size-default\">Demander une offre sans engagement :<\/h2>\t\t\t\t<\/div>\n\t\t\t\t<\/div>\n\t\t\t\t<div class=\"elementor-element elementor-element-9215b15 elementor-widget elementor-widget-spacer\" data-id=\"9215b15\" data-element_type=\"widget\" data-widget_type=\"spacer.default\">\n\t\t\t\t<div class=\"elementor-widget-container\">\n\t\t\t\t\t\t\t<div class=\"elementor-spacer\">\n\t\t\t<div class=\"elementor-spacer-inner\"><\/div>\n\t\t<\/div>\n\t\t\t\t\t\t<\/div>\n\t\t\t\t<\/div>\n\t\t\t\t<div class=\"elementor-element elementor-element-d5c95df elementor-widget elementor-widget-heading\" data-id=\"d5c95df\" data-element_type=\"widget\" data-widget_type=\"heading.default\">\n\t\t\t\t<div class=\"elementor-widget-container\">\n\t\t\t\t\t<h2 class=\"elementor-heading-title elementor-size-default\">079 437 38 42<\/h2>\t\t\t\t<\/div>\n\t\t\t\t<\/div>\n\t\t\t\t<div class=\"elementor-element elementor-element-2f3250f elementor-widget elementor-widget-spacer\" data-id=\"2f3250f\" data-element_type=\"widget\" data-widget_type=\"spacer.default\">\n\t\t\t\t<div class=\"elementor-widget-container\">\n\t\t\t\t\t\t\t<div class=\"elementor-spacer\">\n\t\t\t<div class=\"elementor-spacer-inner\"><\/div>\n\t\t<\/div>\n\t\t\t\t\t\t<\/div>\n\t\t\t\t<\/div>\n\t\t\t\t<div class=\"elementor-element elementor-element-63a58b3 elementor-widget elementor-widget-button\" data-id=\"63a58b3\" data-element_type=\"widget\" data-widget_type=\"button.default\">\n\t\t\t\t<div class=\"elementor-widget-container\">\n\t\t\t\t\t\t\t\t\t<div class=\"elementor-button-wrapper\">\n\t\t\t\t\t<a class=\"elementor-button elementor-button-link elementor-size-sm\" href=\"#onlineofferte\">\n\t\t\t\t\t\t<span class=\"elementor-button-content-wrapper\">\n\t\t\t\t\t\t\t\t\t<span class=\"elementor-button-text\">Demander une offre en ligne...<\/span>\n\t\t\t\t\t<\/span>\n\t\t\t\t\t<\/a>\n\t\t\t\t<\/div>\n\t\t\t\t\t\t\t\t<\/div>\n\t\t\t\t<\/div>\n\t\t\t\t<\/div>\n\t\t<div class=\"elementor-element elementor-element-d226685 e-grid e-con-boxed e-con e-parent\" data-id=\"d226685\" data-element_type=\"container\">\n\t\t\t\t\t<div class=\"e-con-inner\">\n\t\t<div class=\"elementor-element elementor-element-6544ba8 e-con-full e-flex e-con e-child\" data-id=\"6544ba8\" data-element_type=\"container\">\n\t\t\t\t<div class=\"elementor-element elementor-element-fe923d2 elementor-widget elementor-widget-heading\" data-id=\"fe923d2\" data-element_type=\"widget\" data-widget_type=\"heading.default\">\n\t\t\t\t<div class=\"elementor-widget-container\">\n\t\t\t\t\t<h3 class=\"elementor-heading-title elementor-size-default\">WhatsApp<\/h3>\t\t\t\t<\/div>\n\t\t\t\t<\/div>\n\t\t\t\t<div class=\"elementor-element elementor-element-51e2c64 elementor-widget elementor-widget-image\" data-id=\"51e2c64\" data-element_type=\"widget\" data-widget_type=\"image.default\">\n\t\t\t\t<div class=\"elementor-widget-container\">\n\t\t\t\t\t\t\t\t\t\t\t\t\t\t\t<img fetchpriority=\"high\" decoding=\"async\" width=\"300\" height=\"300\" src=\"https:\/\/wir-kaufen-dein-auto-schweiz.ch\/wp-content\/\/uploads\/2023\/12\/WhatsApp-Image-2023-11-21-at-4.36.39-PM-300x300-1.jpeg\" class=\"attachment-large size-large wp-image-2710\" alt=\"Whats App QR Code\" srcset=\"https:\/\/wir-kaufen-dein-auto-schweiz.ch\/wp-content\/\/uploads\/2023\/12\/WhatsApp-Image-2023-11-21-at-4.36.39-PM-300x300-1.jpeg 300w, https:\/\/wir-kaufen-dein-auto-schweiz.ch\/wp-content\/\/uploads\/2023\/12\/WhatsApp-Image-2023-11-21-at-4.36.39-PM-300x300-1-150x150.jpeg 150w, https:\/\/wir-kaufen-dein-auto-schweiz.ch\/wp-content\/\/uploads\/2023\/12\/WhatsApp-Image-2023-11-21-at-4.36.39-PM-300x300-1-223x223.jpeg 223w, https:\/\/wir-kaufen-dein-auto-schweiz.ch\/wp-content\/\/uploads\/2023\/12\/WhatsApp-Image-2023-11-21-at-4.36.39-PM-300x300-1-100x100.jpeg 100w\" sizes=\"(max-width: 300px) 100vw, 300px\" \/>\t\t\t\t\t\t\t\t\t\t\t\t\t\t\t<\/div>\n\t\t\t\t<\/div>\n\t\t\t\t<\/div>\n\t\t<div class=\"elementor-element elementor-element-ff5b423 e-con-full e-flex e-con e-child\" data-id=\"ff5b423\" data-element_type=\"container\">\n\t\t\t\t<div class=\"elementor-element elementor-element-dd21db9 elementor-view-default elementor-position-block-start elementor-mobile-position-block-start elementor-widget elementor-widget-icon-box\" data-id=\"dd21db9\" data-element_type=\"widget\" data-widget_type=\"icon-box.default\">\n\t\t\t\t<div class=\"elementor-widget-container\">\n\t\t\t\t\t\t\t<div class=\"elementor-icon-box-wrapper\">\n\n\t\t\t\t\t\t<div class=\"elementor-icon-box-icon\">\n\t\t\t\t<span  class=\"elementor-icon\">\n\t\t\t\t<svg aria-hidden=\"true\" class=\"e-font-icon-svg e-fas-phone-alt\" viewbox=\"0 0 512 512\" xmlns=\"http:\/\/www.w3.org\/2000\/svg\"><path d=\"M497.39 361.8l-112-48a24 24 0 0 0-28 6.9l-49.6 60.6A370.66 370.66 0 0 1 130.6 204.11l60.6-49.6a23.94 23.94 0 0 0 6.9-28l-48-112A24.16 24.16 0 0 0 122.6.61l-104 24A24 24 0 0 0 0 48c0 256.5 207.9 464 464 464a24 24 0 0 0 23.4-18.6l24-104a24.29 24.29 0 0 0-14.01-27.6z\"><\/path><\/svg>\t\t\t\t<\/span>\n\t\t\t<\/div>\n\t\t\t\n\t\t\t\t\t\t<div class=\"elementor-icon-box-content\">\n\n\t\t\t\t\t\t\t\t\t<h3 class=\"elementor-icon-box-title\">\n\t\t\t\t\t\t<span  >\n\t\t\t\t\t\t\tT\u00e9l\u00e9phone\t\t\t\t\t\t<\/span>\n\t\t\t\t\t<\/h3>\n\t\t\t\t\n\t\t\t\t\t\t\t\t\t<p class=\"elementor-icon-box-description\">\n\t\t\t\t\t\tAppelez-nous d\u00e8s maintenant et nous vous proposerons un prix imbattable pour votre voiture d\u2019occasion. Gratuitement et sans aucun engagement. \t\t\t\t\t<\/p>\n\t\t\t\t\n\t\t\t<\/div>\n\t\t\t\n\t\t<\/div>\n\t\t\t\t\t\t<\/div>\n\t\t\t\t<\/div>\n\t\t\t\t<div class=\"elementor-element elementor-element-8b5c238 elementor-widget elementor-widget-html\" data-id=\"8b5c238\" data-element_type=\"widget\" data-widget_type=\"html.default\">\n\t\t\t\t<div class=\"elementor-widget-container\">\n\t\t\t\t\t<h3 style=\"text-align:center;\"><strong><a href=\"tel:+41794373842\" title=\"T\u00e9l\u00e9phone\" style=\"color:#71788B;\">079&nbsp;437&nbsp;38&nbsp;42<\/a><\/strong><\/h3>\t\t\t\t<\/div>\n\t\t\t\t<\/div>\n\t\t\t\t<\/div>\n\t\t<div class=\"elementor-element elementor-element-aba8fed e-con-full e-flex e-con e-child\" data-id=\"aba8fed\" data-element_type=\"container\">\n\t\t\t\t<div class=\"elementor-element elementor-element-0797e57 elementor-view-default elementor-position-block-start elementor-mobile-position-block-start elementor-widget elementor-widget-icon-box\" data-id=\"0797e57\" data-element_type=\"widget\" data-widget_type=\"icon-box.default\">\n\t\t\t\t<div class=\"elementor-widget-container\">\n\t\t\t\t\t\t\t<div class=\"elementor-icon-box-wrapper\">\n\n\t\t\t\t\t\t<div class=\"elementor-icon-box-icon\">\n\t\t\t\t<span  class=\"elementor-icon\">\n\t\t\t\t<svg aria-hidden=\"true\" class=\"e-font-icon-svg e-far-envelope\" viewbox=\"0 0 512 512\" xmlns=\"http:\/\/www.w3.org\/2000\/svg\"><path d=\"M464 64H48C21.49 64 0 85.49 0 112v288c0 26.51 21.49 48 48 48h416c26.51 0 48-21.49 48-48V112c0-26.51-21.49-48-48-48zm0 48v40.805c-22.422 18.259-58.168 46.651-134.587 106.49-16.841 13.247-50.201 45.072-73.413 44.701-23.208.375-56.579-31.459-73.413-44.701C106.18 199.465 70.425 171.067 48 152.805V112h416zM48 400V214.398c22.914 18.251 55.409 43.862 104.938 82.646 21.857 17.205 60.134 55.186 103.062 54.955 42.717.231 80.509-37.199 103.053-54.947 49.528-38.783 82.032-64.401 104.947-82.653V400H48z\"><\/path><\/svg>\t\t\t\t<\/span>\n\t\t\t<\/div>\n\t\t\t\n\t\t\t\t\t\t<div class=\"elementor-icon-box-content\">\n\n\t\t\t\t\t\t\t\t\t<h3 class=\"elementor-icon-box-title\">\n\t\t\t\t\t\t<span  >\n\t\t\t\t\t\t\tCourriel\t\t\t\t\t\t<\/span>\n\t\t\t\t\t<\/h3>\n\t\t\t\t\n\t\t\t\t\t\t\t\t\t<p class=\"elementor-icon-box-description\">\n\t\t\t\t\t\tIl vous suffit de nous envoyer un e-mail. Joignez-y de pr\u00e9f\u00e9rence des photos ou la carte grise de votre ancienne voiture afin que nous puissions vous proposer imm\u00e9diatement un prix int\u00e9ressant.\t\t\t\t\t<\/p>\n\t\t\t\t\n\t\t\t<\/div>\n\t\t\t\n\t\t<\/div>\n\t\t\t\t\t\t<\/div>\n\t\t\t\t<\/div>\n\t\t\t\t<div class=\"elementor-element elementor-element-ef87c3a elementor-widget elementor-widget-html\" data-id=\"ef87c3a\" data-element_type=\"widget\" data-widget_type=\"html.default\">\n\t\t\t\t<div class=\"elementor-widget-container\">\n\t\t\t\t\t<h4 style=\"text-align: center\"><strong><a href=\"mailto:auto@wir-kaufen-dein-auto-schweiz.ch\" title=\"Courriel\" style=\"color:#71788B;\">auto@wir-kaufen-dein-auto-schweiz.ch<\/a><\/strong><\/h4>\n\t\t\t\t<\/div>\n\t\t\t\t<\/div>\n\t\t\t\t<\/div>\n\t\t\t\t\t<\/div>\n\t\t\t\t<\/div>\n\t\t<div class=\"elementor-element elementor-element-d2bb0d0 e-flex e-con-boxed e-con e-parent\" data-id=\"d2bb0d0\" data-element_type=\"container\" data-settings=\"{&quot;background_background&quot;:&quot;classic&quot;}\">\n\t\t\t\t\t<div class=\"e-con-inner\">\n\t\t<div class=\"elementor-element elementor-element-6e09b07 e-con-full e-flex e-con e-child\" data-id=\"6e09b07\" data-element_type=\"container\">\n\t\t\t\t<div class=\"elementor-element elementor-element-0ea69f9 elementor-widget elementor-widget-menu-anchor\" data-id=\"0ea69f9\" data-element_type=\"widget\" data-widget_type=\"menu-anchor.default\">\n\t\t\t\t<div class=\"elementor-widget-container\">\n\t\t\t\t\t\t\t<div class=\"elementor-menu-anchor\" id=\"onlineofferte\"><\/div>\n\t\t\t\t\t\t<\/div>\n\t\t\t\t<\/div>\n\t\t\t\t<div class=\"elementor-element elementor-element-8a21729 elementor-widget elementor-widget-heading\" data-id=\"8a21729\" data-element_type=\"widget\" data-widget_type=\"heading.default\">\n\t\t\t\t<div class=\"elementor-widget-container\">\n\t\t\t\t\t<h3 class=\"elementor-heading-title elementor-size-default\">Devis gratuit pour votre voiture d\u2019occasion<\/h3>\t\t\t\t<\/div>\n\t\t\t\t<\/div>\n\t\t\t\t<div class=\"elementor-element elementor-element-bfb7dac elementor-widget elementor-widget-text-editor\" data-id=\"bfb7dac\" data-element_type=\"widget\" data-widget_type=\"text-editor.default\">\n\t\t\t\t<div class=\"elementor-widget-container\">\n\t\t\t\t\t\t\t\t\t<p class=\"translation-block\">Vous souhaitez vendre votre ancienne voiture d'occasion ? Contactez-nous au 079 437 38 42 ou demandez directement en ligne une offre pour votre ancienne voiture. WIR KAUFEN DEIN AUTO SCHWEIZ est votre expert pour l'achat et l'exportation rapides de v\u00e9hicules.<\/p>\t\t\t\t\t\t\t\t<\/div>\n\t\t\t\t<\/div>\n\t\t\t\t<div class=\"elementor-element elementor-element-6bfabc8 elementor-widget elementor-widget-heading\" data-id=\"6bfabc8\" data-element_type=\"widget\" data-widget_type=\"heading.default\">\n\t\t\t\t<div class=\"elementor-widget-container\">\n\t\t\t\t\t<h4 class=\"elementor-heading-title elementor-size-default\">Devis en ligne<\/h4>\t\t\t\t<\/div>\n\t\t\t\t<\/div>\n\t\t\t\t<div class=\"elementor-element elementor-element-4f77b4b elementor-widget elementor-widget-html\" data-id=\"4f77b4b\" data-element_type=\"widget\" data-widget_type=\"html.default\">\n\t\t\t\t<div class=\"elementor-widget-container\">\n\t\t\t\t\t\n<div class=\"wpcf7 no-js\" id=\"wpcf7-f2834-o1\" lang=\"en-US\" dir=\"ltr\" data-wpcf7-id=\"2834\">\n<div class=\"screen-reader-response\"><p role=\"status\" aria-live=\"polite\" aria-atomic=\"true\"><\/p> <ul><\/ul><\/div>\n<form action=\"\/fr\/wp-json\/wp\/v2\/pages\/351#wpcf7-f2834-o1\" method=\"post\" class=\"wpcf7-form init\" aria-label=\"Contact form\" novalidate=\"novalidate\" data-status=\"init\" data-trp-original-action=\"\/fr\/wp-json\/wp\/v2\/pages\/351#wpcf7-f2834-o1\">\n<fieldset class=\"hidden-fields-container\"><input type=\"hidden\" name=\"_wpcf7\" value=\"2834\" \/><input type=\"hidden\" name=\"_wpcf7_version\" value=\"6.1.4\" \/><input type=\"hidden\" name=\"_wpcf7_locale\" value=\"en_US\" \/><input type=\"hidden\" name=\"_wpcf7_unit_tag\" value=\"wpcf7-f2834-o1\" \/><input type=\"hidden\" name=\"_wpcf7_container_post\" value=\"0\" \/><input type=\"hidden\" name=\"_wpcf7_posted_data_hash\" value=\"\" \/><input type=\"hidden\" name=\"_wpcf7_recaptcha_response\" value=\"\" \/>\n<\/fieldset>\n<div class=\"col-sm-4\">\n\t<p><span class=\"wpcf7-form-control-wrap\" data-name=\"yourname\"><input size=\"40\" maxlength=\"400\" class=\"wpcf7-form-control wpcf7-text wpcf7-validates-as-required form-popup__input\" aria-required=\"true\" aria-invalid=\"false\" placeholder=\"Nom\" value=\"\" type=\"text\" name=\"yourname\" \/><\/span><br \/>\n<label for=\"name\" class=\"form__label\"><\/label>\n\t<\/p>\n<\/div>\n<div class=\"col-sm-4\">\n\t<p><span class=\"wpcf7-form-control-wrap\" data-name=\"email\"><input size=\"40\" maxlength=\"400\" class=\"wpcf7-form-control wpcf7-email wpcf7-validates-as-required wpcf7-text wpcf7-validates-as-email form-popup__input\" aria-required=\"true\" aria-invalid=\"false\" placeholder=\"Courriel\" value=\"\" type=\"email\" name=\"email\" \/><\/span><br \/>\n<label for=\"email\" class=\"form__label\"><\/label>\n\t<\/p>\n<\/div>\n<div class=\"col-sm-4\">\n\t<p><span class=\"wpcf7-form-control-wrap\" data-name=\"phone\"><input size=\"40\" maxlength=\"400\" class=\"wpcf7-form-control wpcf7-text wpcf7-validates-as-required form-popup__input\" aria-required=\"true\" aria-invalid=\"false\" placeholder=\"T\u00e9l\u00e9phone\" value=\"\" type=\"text\" name=\"phone\" \/><\/span><br \/>\n<label for=\"phone\" class=\"form__label\"><\/label>\n\t<\/p>\n<\/div>\n<div class=\"col-sm-12\">\n\t<p><span class=\"wpcf7-form-control-wrap\" data-name=\"marke\"><input size=\"40\" maxlength=\"400\" class=\"wpcf7-form-control wpcf7-text form__input\" aria-invalid=\"false\" placeholder=\"Marque et mod\u00e8le\" value=\"\" type=\"text\" name=\"marke\" \/><\/span><br \/>\n<label for=\"message\" class=\"form__label\"><\/label>\n\t<\/p>\n<\/div>\n<div class=\"col-sm-4\">\n\t<p><span class=\"wpcf7-form-control-wrap\" data-name=\"jahrgang\"><input size=\"40\" maxlength=\"400\" class=\"wpcf7-form-control wpcf7-text form-popup__input\" aria-invalid=\"false\" placeholder=\"Ann\u00e9e\" value=\"\" type=\"text\" name=\"jahrgang\" \/><\/span><br \/>\n<label for=\"year\" class=\"form__label\"><\/label>\n\t<\/p>\n<\/div>\n<div class=\"col-sm-4\">\n\t<p><span class=\"wpcf7-form-control-wrap\" data-name=\"km\"><input size=\"40\" maxlength=\"400\" class=\"wpcf7-form-control wpcf7-text form-popup__input\" aria-invalid=\"false\" placeholder=\"KM\" value=\"\" type=\"text\" name=\"km\" \/><\/span><br \/>\n<label for=\"kilometer\" class=\"form__label\"><\/label>\n\t<\/p>\n<\/div>\n<div class=\"col-sm-4\">\n\t<p><span class=\"wpcf7-form-control-wrap\" data-name=\"preis\"><input size=\"40\" maxlength=\"400\" class=\"wpcf7-form-control wpcf7-text form-popup__input\" aria-invalid=\"false\" placeholder=\"Votre prix demand\u00e9\" value=\"\" type=\"text\" name=\"preis\" \/><\/span><br \/>\n<label for=\"preis\" class=\"form__label\"><\/label>\n\t<\/p>\n<\/div>\n<div class=\"col-sm-12\">\n\t<p><span class=\"wpcf7-form-control-wrap\" data-name=\"message\"><textarea cols=\"40\" rows=\"10\" maxlength=\"2000\" class=\"wpcf7-form-control wpcf7-textarea form__input\" aria-invalid=\"false\" placeholder=\"Informations suppl\u00e9mentaires concernant votre v\u00e9hicule\" name=\"message\"><\/textarea><\/span><br \/>\n<label for=\"message\" class=\"form__label\"><\/label>\n\t<\/p>\n<\/div>\n<div class=\"col-sm-12\">\n\t<p><input class=\"wpcf7-form-control wpcf7-submit has-spinner custom-button\" type=\"submit\" value=\"ENVOYER\" \/>\n\t<\/p>\n<\/div><div class=\"wpcf7-response-output\" aria-hidden=\"true\"><\/div>\n<input type=\"hidden\" name=\"trp-form-language\" value=\"fr\"\/><\/form>\n<\/div>\n\t\t\t\t<\/div>\n\t\t\t\t<\/div>\n\t\t\t\t<div class=\"elementor-element elementor-element-a11db14 elementor-widget elementor-widget-text-editor\" data-id=\"a11db14\" data-element_type=\"widget\" data-widget_type=\"text-editor.default\">\n\t\t\t\t<div class=\"elementor-widget-container\">\n\t\t\t\t\t\t\t\t\t<p class=\"translation-block\">Merci beaucoup pour votre demande. Nous vous contacterons dans les plus brefs d\u00e9lais. Chez \u00abwir-kaufen-dein-auto-schweiz.ch\u00bb, nous accordons une grande importance \u00e0 la confidentialit\u00e9 : vos donn\u00e9es ne seront ni utilis\u00e9es \u00e0 des fins publicitaires ni transmises \u00e0 des tiers. Nous nous r\u00e9jouissons d'avoir de vos nouvelles.<\/p>\t\t\t\t\t\t\t\t<\/div>\n\t\t\t\t<\/div>\n\t\t\t\t<\/div>\n\t\t\t\t\t<\/div>\n\t\t\t\t<\/div>\n\t\t<div class=\"elementor-element elementor-element-19a9857 e-grid e-con-boxed e-con e-parent\" data-id=\"19a9857\" data-element_type=\"container\">\n\t\t\t\t\t<div class=\"e-con-inner\">\n\t\t<div class=\"elementor-element elementor-element-4cc1e8b e-con-full e-flex e-con e-child\" data-id=\"4cc1e8b\" data-element_type=\"container\">\n\t\t\t\t<div class=\"elementor-element elementor-element-edf8b3f elementor-widget elementor-widget-heading\" data-id=\"edf8b3f\" data-element_type=\"widget\" data-widget_type=\"heading.default\">\n\t\t\t\t<div class=\"elementor-widget-container\">\n\t\t\t\t\t<h4 class=\"elementor-heading-title elementor-size-default\">Vendez votre voiture imm\u00e9diatement \u2013 et b\u00e9n\u00e9ficiez d'un enl\u00e8vement gratuit le jour m\u00eame<\/h4>\t\t\t\t<\/div>\n\t\t\t\t<\/div>\n\t\t\t\t<div class=\"elementor-element elementor-element-fe4e39f elementor-widget elementor-widget-text-editor\" data-id=\"fe4e39f\" data-element_type=\"widget\" data-widget_type=\"text-editor.default\">\n\t\t\t\t<div class=\"elementor-widget-container\">\n\t\t\t\t\t\t\t\t\t<p class=\"translation-block\">Nous vous proposons une \u00e9valuation professionnelle de votre v\u00e9hicule et une offre \u00e9quitable pour votre voiture d'occasion, rapidement et en toute simplicit\u00e9. Et le meilleur dans tout cela : dans la plupart des cas, nous venons chercher votre voiture le jour m\u00eame, o\u00f9 que vous habitiez en Suisse romande : enl\u00e8vement gratuit!<\/p>\t\t\t\t\t\t\t\t<\/div>\n\t\t\t\t<\/div>\n\t\t\t\t<div class=\"elementor-element elementor-element-2271148 elementor-widget elementor-widget-text-editor\" data-id=\"2271148\" data-element_type=\"widget\" data-widget_type=\"text-editor.default\">\n\t\t\t\t<div class=\"elementor-widget-container\">\n\t\t\t\t\t\t\t\t\t<p class=\"translation-block\">Pour obtenir une estimation pr\u00e9cise du prix, veuillez indiquer toutes les informations importantes, telles que les dommages \u00e9ventuels ou les caract\u00e9ristiques particuli\u00e8res (par exemple, panne moteur, voiture accident\u00e9e ou v\u00e9hicules sans contr\u00f4le technique), directement dans le formulaire de demande. Apr\u00e8s consultation, vous pourriez vendre votre voiture le jour m\u00eame, enl\u00e8vement gratuit compris. Il n'y a rien de plus simple!<\/p>\t\t\t\t\t\t\t\t<\/div>\n\t\t\t\t<\/div>\n\t\t\t\t<\/div>\n\t\t<div class=\"elementor-element elementor-element-159f754 e-con-full e-flex e-con e-child\" data-id=\"159f754\" data-element_type=\"container\">\n\t\t\t\t<div class=\"elementor-element elementor-element-0ae9502 elementor-widget elementor-widget-heading\" data-id=\"0ae9502\" data-element_type=\"widget\" data-widget_type=\"heading.default\">\n\t\t\t\t<div class=\"elementor-widget-container\">\n\t\t\t\t\t<h4 class=\"elementor-heading-title elementor-size-default\">Achat et exportation de voitures \u2013 durable et connect\u00e9 \u00e0 l'\u00e9chelle mondiale\n<\/h4>\t\t\t\t<\/div>\n\t\t\t\t<\/div>\n\t\t\t\t<div class=\"elementor-element elementor-element-957e4f3 elementor-widget elementor-widget-text-editor\" data-id=\"957e4f3\" data-element_type=\"widget\" data-widget_type=\"text-editor.default\">\n\t\t\t\t<div class=\"elementor-widget-container\">\n\t\t\t\t\t\t\t\t\t<p class=\"translation-block\">De nombreux v\u00e9hicules vendus restent en Suisse, sont remis en \u00e9tat et trouvent un nouveau propri\u00e9taire heureux. Mais m\u00eame les voitures d\u00e9fectueuses ou hors d'\u00e9tat de rouler peuvent avoir une seconde chance \u00e0 l'\u00e9tranger. Gr\u00e2ce \u00e0 notre r\u00e9seau mondial de professionnels de l'exportation automobile, nous veillons \u00e0 ce que les v\u00e9hicules soient utilis\u00e9s de mani\u00e8re durable, que ce soit par la r\u00e9paration ou la revente.<\/p>\t\t\t\t\t\t\t\t<\/div>\n\t\t\t\t<\/div>\n\t\t\t\t<div class=\"elementor-element elementor-element-841081e elementor-widget elementor-widget-text-editor\" data-id=\"841081e\" data-element_type=\"widget\" data-widget_type=\"text-editor.default\">\n\t\t\t\t<div class=\"elementor-widget-container\">\n\t\t\t\t\t\t\t\t\t<p class=\"translation-block\">Lors du rachat de voitures, ce n'est pas seulement l'\u00e9tat qui compte, mais aussi l'ann\u00e9e de construction, le constructeur et le mod\u00e8le. Les voitures accident\u00e9es r\u00e9centes, en particulier, peuvent \u00eatre remises en circulation gr\u00e2ce \u00e0 des r\u00e9parations professionnelles, ce qui pr\u00e9serve les ressources et contribue \u00e0 une mobilit\u00e9 respectueuse de l'environnement. Avec nous, vous vendez votre voiture de mani\u00e8re efficace et durable.<\/p>\t\t\t\t\t\t\t\t<\/div>\n\t\t\t\t<\/div>\n\t\t\t\t<\/div>\n\t\t<div class=\"elementor-element elementor-element-4a90d02 e-con-full e-flex e-con e-child\" data-id=\"4a90d02\" data-element_type=\"container\">\n\t\t\t\t<div class=\"elementor-element elementor-element-beb1e4b elementor-widget elementor-widget-heading\" data-id=\"beb1e4b\" data-element_type=\"widget\" data-widget_type=\"heading.default\">\n\t\t\t\t<div class=\"elementor-widget-container\">\n\t\t\t\t\t<h4 class=\"elementor-heading-title elementor-size-default\">Achat de voitures sans contr\u00f4le technique \u2013 aucun probl\u00e8me pour nous<\/h4>\t\t\t\t<\/div>\n\t\t\t\t<\/div>\n\t\t\t\t<div class=\"elementor-element elementor-element-deecccf elementor-widget elementor-widget-text-editor\" data-id=\"deecccf\" data-element_type=\"widget\" data-widget_type=\"text-editor.default\">\n\t\t\t\t<div class=\"elementor-widget-container\">\n\t\t\t\t\t\t\t\t\t<p class=\"translation-block\">La vente d'un v\u00e9hicule sans contr\u00f4le technique aupr\u00e8s du service des automobiles de votre canton de r\u00e9sidence n'est pas un obstacle pour nous, professionnels. Que votre voiture soit l\u00e9g\u00e8rement endommag\u00e9e, qu'elle pr\u00e9sente des dommages caus\u00e9s par la gr\u00eale ou m\u00eame une panne moteur, vous pouvez nous vendre des v\u00e9hicules dans n'importe quel \u00e9tat, avec ou sans contr\u00f4le technique.<\/p>\t\t\t\t\t\t\t\t<\/div>\n\t\t\t\t<\/div>\n\t\t\t\t<div class=\"elementor-element elementor-element-fb2f476 elementor-widget elementor-widget-text-editor\" data-id=\"fb2f476\" data-element_type=\"widget\" data-widget_type=\"text-editor.default\">\n\t\t\t\t<div class=\"elementor-widget-container\">\n\t\t\t\t\t\t\t\t\t<p>M\u00eame les voitures qui ne sont pas en \u00e9tat de rouler peuvent \u00eatre vendues sans probl\u00e8me. Il vous suffit de remplir notre formulaire de demande en d\u00e9crivant les dommages de mani\u00e8re aussi pr\u00e9cise que possible afin d'obtenir une estimation pr\u00e9cise du prix de la part de nos experts. Vendre une voiture en toute simplicit\u00e9.<\/p>\t\t\t\t\t\t\t\t<\/div>\n\t\t\t\t<\/div>\n\t\t\t\t<\/div>\n\t\t\t\t\t<\/div>\n\t\t\t\t<\/div>\n\t\t<div class=\"elementor-element elementor-element-27026aa e-con-full e-flex e-con e-parent\" data-id=\"27026aa\" data-element_type=\"container\">\n\t\t\t\t<div class=\"elementor-element elementor-element-061dc19 elementor-widget elementor-widget-google_maps\" data-id=\"061dc19\" data-element_type=\"widget\" data-widget_type=\"google_maps.default\">\n\t\t\t\t<div class=\"elementor-widget-container\">\n\t\t\t\t\t\t\t<div class=\"elementor-custom-embed\">\n\t\t\t<iframe loading=\"lazy\"\n\t\t\t\t\tsrc=\"https:\/\/maps.google.com\/maps?q=D%C3%BCbendorfstrasse%2011c%20CH-8117%20F%C3%A4llanden%2C%20Schweiz&#038;t=m&#038;z=15&#038;output=embed&#038;iwloc=near\"\n\t\t\t\t\ttitle=\"D\u00fcbendorfstrasse 11c CH-8117 F\u00e4llanden, Schweiz\"\n\t\t\t\t\taria-label=\"D\u00fcbendorfstrasse 11c CH-8117 F\u00e4llanden, Schweiz\"\n\t\t\t><\/iframe>\n\t\t<\/div>\n\t\t\t\t\t\t<\/div>\n\t\t\t\t<\/div>\n\t\t\t\t<\/div>\n\t\t\t\t<\/div>","protected":false},"excerpt":{"rendered":"<p>Kontaktieren sie uns&#8230; Unverbindliche eine Offerte anfragen: 079 437 38 42 Online-Offerte anfordern&#8230; WhatsApp Telefon Rufen sie uns sogleich an und wir machen ihnen einen top Preis f\u00fcr ihren gebrauchten Wagen. Kostenlos und v\u00f6llig unverbindlich. 079&nbsp;437&nbsp;38&nbsp;42 E-Mail Schreiben sie uns ganz einfach eine E-Mail. Am Besten gleich mit Fotos oder dem Fahrzeugausweis ihres alten Autos, [&hellip;]<\/p>","protected":false},"author":4,"featured_media":2601,"parent":0,"menu_order":50,"comment_status":"closed","ping_status":"closed","template":"elementor_header_footer","meta":{"footnotes":""},"class_list":["post-351","page","type-page","status-publish","has-post-thumbnail","hentry"],"_links":{"self":[{"href":"https:\/\/wir-kaufen-dein-auto-schweiz.ch\/fr\/wp-json\/wp\/v2\/pages\/351","targetHints":{"allow":["GET"]}}],"collection":[{"href":"https:\/\/wir-kaufen-dein-auto-schweiz.ch\/fr\/wp-json\/wp\/v2\/pages"}],"about":[{"href":"https:\/\/wir-kaufen-dein-auto-schweiz.ch\/fr\/wp-json\/wp\/v2\/types\/page"}],"author":[{"embeddable":true,"href":"https:\/\/wir-kaufen-dein-auto-schweiz.ch\/fr\/wp-json\/wp\/v2\/users\/4"}],"replies":[{"embeddable":true,"href":"https:\/\/wir-kaufen-dein-auto-schweiz.ch\/fr\/wp-json\/wp\/v2\/comments?post=351"}],"version-history":[{"count":67,"href":"https:\/\/wir-kaufen-dein-auto-schweiz.ch\/fr\/wp-json\/wp\/v2\/pages\/351\/revisions"}],"predecessor-version":[{"id":4335,"href":"https:\/\/wir-kaufen-dein-auto-schweiz.ch\/fr\/wp-json\/wp\/v2\/pages\/351\/revisions\/4335"}],"wp:featuredmedia":[{"embeddable":true,"href":"https:\/\/wir-kaufen-dein-auto-schweiz.ch\/fr\/wp-json\/wp\/v2\/media\/2601"}],"wp:attachment":[{"href":"https:\/\/wir-kaufen-dein-auto-schweiz.ch\/fr\/wp-json\/wp\/v2\/media?parent=351"}],"curies":[{"name":"wp","href":"https:\/\/api.w.org\/{rel}","templated":true}]}}